{"id":576,"date":"2024-02-16T11:12:08","date_gmt":"2024-02-16T11:12:08","guid":{"rendered":"https:\/\/blissful-stonebraker.13-39-197-96.plesk.page\/?page_id=576"},"modified":"2024-02-16T13:41:42","modified_gmt":"2024-02-16T13:41:42","slug":"digimente","status":"publish","type":"page","link":"https:\/\/educacionmediatica.org\/index.php\/digimente\/","title":{"rendered":"DigiMente"},"content":{"rendered":"\t\t<div data-elementor-type=\"wp-page\" data-elementor-id=\"576\" class=\"elementor elementor-576\" data-elementor-post-type=\"page\">\n\t\t\t\t<div class=\"elementor-element elementor-element-4a6b926 e-flex e-con-boxed e-con e-parent\" data-id=\"4a6b926\" data-element_type=\"container\" data-e-type=\"container\" data-settings=\"{&quot;background_background&quot;:&quot;classic&quot;}\">\n\t\t\t\t\t<div class=\"e-con-inner\">\n\t\t\t\t<div class=\"elementor-element elementor-element-3cd4bed elementor-widget elementor-widget-heading\" data-id=\"3cd4bed\" data-element_type=\"widget\" data-e-type=\"widget\" data-widget_type=\"heading.default\">\n\t\t\t\t<div class=\"elementor-widget-container\">\n\t\t\t\t\t<h1 class=\"elementor-heading-title elementor-size-default\">DigiMente<\/h1>\t\t\t\t<\/div>\n\t\t\t\t<\/div>\n\t\t\t\t<div class=\"elementor-element elementor-element-20f4dbc elementor-widget__width-inherit elementor-widget elementor-widget-heading\" data-id=\"20f4dbc\" data-element_type=\"widget\" data-e-type=\"widget\" data-widget_type=\"heading.default\">\n\t\t\t\t<div class=\"elementor-widget-container\">\n\t\t\t\t\t<h3 class=\"elementor-heading-title elementor-size-default\">Proyecto para fomentar la alfabetizaci\u00f3n medi\u00e1tica en Hispanoam\u00e9rica<\/h3>\t\t\t\t<\/div>\n\t\t\t\t<\/div>\n\t\t\t\t<div class=\"elementor-element elementor-element-3fa8c93 elementor-widget__width-inherit elementor-invisible elementor-widget elementor-widget-image\" data-id=\"3fa8c93\" data-element_type=\"widget\" data-e-type=\"widget\" data-settings=\"{&quot;_animation&quot;:&quot;slideInUp&quot;}\" data-widget_type=\"image.default\">\n\t\t\t\t<div class=\"elementor-widget-container\">\n\t\t\t\t\t\t\t\t\t\t\t\t\t\t\t<img fetchpriority=\"high\" decoding=\"async\" width=\"887\" height=\"493\" src=\"https:\/\/educacionmediatica.org\/wp-content\/uploads\/2024\/02\/8-DigiMente.png\" class=\"attachment-large size-large wp-image-581\" alt=\"DigiMente\" srcset=\"https:\/\/educacionmediatica.org\/wp-content\/uploads\/2024\/02\/8-DigiMente.png 887w, https:\/\/educacionmediatica.org\/wp-content\/uploads\/2024\/02\/8-DigiMente-300x167.png 300w, https:\/\/educacionmediatica.org\/wp-content\/uploads\/2024\/02\/8-DigiMente-768x427.png 768w\" sizes=\"(max-width: 887px) 100vw, 887px\" \/>\t\t\t\t\t\t\t\t\t\t\t\t\t\t\t<\/div>\n\t\t\t\t<\/div>\n\t\t\t\t<div class=\"elementor-element elementor-element-0f49702 elementor-widget__width-initial elementor-widget elementor-widget-text-editor\" data-id=\"0f49702\" data-element_type=\"widget\" data-e-type=\"widget\" data-widget_type=\"text-editor.default\">\n\t\t\t\t<div class=\"elementor-widget-container\">\n\t\t\t\t\t\t\t\t\tDigimente es una apuesta de educaci\u00f3n medi\u00e1tica, en la que se desarrolla el primer curr\u00edculo para estudiantes de escuela media y secundaria en latinoam\u00e9rica hispanoparlante.\t\t\t\t\t\t\t\t<\/div>\n\t\t\t\t<\/div>\n\t\t\t\t<div class=\"elementor-element elementor-element-a1cc36b elementor-widget__width-inherit elementor-invisible elementor-widget elementor-widget-text-editor\" data-id=\"a1cc36b\" data-element_type=\"widget\" data-e-type=\"widget\" data-settings=\"{&quot;_animation&quot;:&quot;fadeIn&quot;}\" data-widget_type=\"text-editor.default\">\n\t\t\t\t<div class=\"elementor-widget-container\">\n\t\t\t\t\t\t\t\t\t<p><strong>DigiMENTE<\/strong> es un proyecto pionero destinado a impulsar la alfabetizaci\u00f3n medi\u00e1tica en Hispanoam\u00e9rica, enfocado en la formaci\u00f3n cr\u00edtica de ni\u00f1os y adolescentes, los usuarios m\u00e1s activos de Internet y las redes sociales.<\/p><p>Esta iniciativa surgi\u00f3 de la colaboraci\u00f3n entre Movilizatorio, Teach For All, Ense\u00f1a por Argentina, Ense\u00f1a por Colombia, Ense\u00f1a por M\u00e9xico y cont\u00f3 con el respaldo de Google News Initiative.<\/p><p>Su objetivo principal resid\u00eda en capacitar a la juventud para evaluar y analizar fuentes de informaci\u00f3n, crear y consumir contenido de calidad, y participar de manera activa y \u00e9tica en el entorno digital.<\/p><p>En su fase inicial en 2020, DigiMENTE se implement\u00f3 en Argentina, Colombia y M\u00e9xico, estableci\u00e9ndose luego como una plataforma en l\u00ednea que ofrec\u00eda el primer curr\u00edculo dirigido a estudiantes de entre 12 y 17 a\u00f1os y a padres de familia en Latinoam\u00e9rica.<\/p><p>El programa se estructur\u00f3 en torno a cuatro \u00e1reas tem\u00e1ticas: la evaluaci\u00f3n cr\u00edtica de la informaci\u00f3n, la producci\u00f3n creativa de contenidos, la reflexi\u00f3n \u00e9tica y la participaci\u00f3n activa.<\/p><p>Cada una de estas \u00e1reas se desglosaba en cuatro planes de lecci\u00f3n, los cuales, a trav\u00e9s de v\u00eddeos cortos, promov\u00edan tanto habilidades instrumentales y operativas como disposiciones dial\u00f3gicas, cr\u00edticas y reflexivas.<\/p><p>DigiMENTE se concibi\u00f3 con la visi\u00f3n de formar una juventud cr\u00edtica, preparada no solo para enfrentar los retos de la sobresaturaci\u00f3n informativa del entorno digital sino tambi\u00e9n para contribuir de manera significativa a la sociedad.<\/p><p>Al ofrecer sus materiales en espa\u00f1ol de forma gratuita, facilit\u00f3 el acceso a recursos valiosos para profesores y estudiantes interesados en mejorar sus competencias medi\u00e1ticas.<\/p><p>M\u00e1s de 400 instituciones en Latinoam\u00e9rica adoptaron DigiMENTE, ya fuera como cursos independientes o como apoyo en asignaturas como inform\u00e1tica, \u00e9tica y lectura.<\/p><p>El programa animaba a las escuelas, organizaciones y equipos a adaptar los contenidos a sus necesidades espec\u00edficas, establecer calendarios de capacitaci\u00f3n, implementar el curr\u00edculo y realizar evaluaciones antes y despu\u00e9s de la aplicaci\u00f3n del programa para medir el incremento en las habilidades medi\u00e1ticas.<\/p><p>La experiencia DigiMENTE demostr\u00f3 ser un modelo eficaz de colaboraci\u00f3n interorganizacional e internacional en pro de la alfabetizaci\u00f3n medi\u00e1tica.<\/p><p>Con el respaldo de entidades comprometidas con la transformaci\u00f3n social, el liderazgo educativo y el apoyo a un ecosistema digital abierto, este proyecto marc\u00f3 un hito en la educaci\u00f3n medi\u00e1tica para Am\u00e9rica Latina, sentando las bases para una sociedad m\u00e1s informada, cr\u00edtica y participativa.<\/p>\t\t\t\t\t\t\t\t<\/div>\n\t\t\t\t<\/div>\n\t\t\t\t<div class=\"elementor-element elementor-element-8ec3cd8 elementor-align-center elementor-widget elementor-widget-button\" data-id=\"8ec3cd8\" data-element_type=\"widget\" data-e-type=\"widget\" data-widget_type=\"button.default\">\n\t\t\t\t<div class=\"elementor-widget-container\">\n\t\t\t\t\t\t\t\t\t<div class=\"elementor-button-wrapper\">\n\t\t\t\t\t<a class=\"elementor-button elementor-button-link elementor-size-sm\" href=\"https:\/\/digimente.org\/\" target=\"_blank\">\n\t\t\t\t\t\t<span class=\"elementor-button-content-wrapper\">\n\t\t\t\t\t\t<span class=\"elementor-button-icon\">\n\t\t\t\t<svg aria-hidden=\"true\" class=\"e-font-icon-svg e-fas-link\" viewBox=\"0 0 512 512\" xmlns=\"http:\/\/www.w3.org\/2000\/svg\"><path d=\"M326.612 185.391c59.747 59.809 58.927 155.698.36 214.59-.11.12-.24.25-.36.37l-67.2 67.2c-59.27 59.27-155.699 59.262-214.96 0-59.27-59.26-59.27-155.7 0-214.96l37.106-37.106c9.84-9.84 26.786-3.3 27.294 10.606.648 17.722 3.826 35.527 9.69 52.721 1.986 5.822.567 12.262-3.783 16.612l-13.087 13.087c-28.026 28.026-28.905 73.66-1.155 101.96 28.024 28.579 74.086 28.749 102.325.51l67.2-67.19c28.191-28.191 28.073-73.757 0-101.83-3.701-3.694-7.429-6.564-10.341-8.569a16.037 16.037 0 0 1-6.947-12.606c-.396-10.567 3.348-21.456 11.698-29.806l21.054-21.055c5.521-5.521 14.182-6.199 20.584-1.731a152.482 152.482 0 0 1 20.522 17.197zM467.547 44.449c-59.261-59.262-155.69-59.27-214.96 0l-67.2 67.2c-.12.12-.25.25-.36.37-58.566 58.892-59.387 154.781.36 214.59a152.454 152.454 0 0 0 20.521 17.196c6.402 4.468 15.064 3.789 20.584-1.731l21.054-21.055c8.35-8.35 12.094-19.239 11.698-29.806a16.037 16.037 0 0 0-6.947-12.606c-2.912-2.005-6.64-4.875-10.341-8.569-28.073-28.073-28.191-73.639 0-101.83l67.2-67.19c28.239-28.239 74.3-28.069 102.325.51 27.75 28.3 26.872 73.934-1.155 101.96l-13.087 13.087c-4.35 4.35-5.769 10.79-3.783 16.612 5.864 17.194 9.042 34.999 9.69 52.721.509 13.906 17.454 20.446 27.294 10.606l37.106-37.106c59.271-59.259 59.271-155.699.001-214.959z\"><\/path><\/svg>\t\t\t<\/span>\n\t\t\t\t\t\t\t\t\t<span class=\"elementor-button-text\">ENLACE AL PROYECTO<\/span>\n\t\t\t\t\t<\/span>\n\t\t\t\t\t<\/a>\n\t\t\t\t<\/div>\n\t\t\t\t\t\t\t\t<\/div>\n\t\t\t\t<\/div>\n\t\t\t\t\t<\/div>\n\t\t\t\t<\/div>\n\t\t\t\t<\/div>\n\t\t","protected":false},"excerpt":{"rendered":"<p>DigiMente Proyecto para fomentar la alfabetizaci\u00f3n medi\u00e1tica en Hispanoam\u00e9rica Digimente es una apuesta de educaci\u00f3n medi\u00e1tica, en la que se [&hellip;]<\/p>\n","protected":false},"author":10,"featured_media":0,"parent":0,"menu_order":0,"comment_status":"closed","ping_status":"closed","template":"elementor_header_footer","meta":{"_seopress_robots_primary_cat":"","_seopress_titles_title":"","_seopress_titles_desc":"","_seopress_robots_index":"","site-sidebar-layout":"no-sidebar","site-content-layout":"","ast-site-content-layout":"full-width-container","site-content-style":"default","site-sidebar-style":"default","ast-global-header-display":"","ast-banner-title-visibility":"","ast-main-header-display":"","ast-hfb-above-header-display":"","ast-hfb-below-header-display":"","ast-hfb-mobile-header-display":"","site-post-title":"","ast-breadcrumbs-content":"","ast-featured-img":"","footer-sml-layout":"","ast-disable-related-posts":"","theme-transparent-header-meta":"","adv-header-id-meta":"","stick-header-meta":"","header-above-stick-meta":"","header-main-stick-meta":"","header-below-stick-meta":"","astra-migrate-meta-layouts":"default","ast-page-background-enabled":"default","ast-page-background-meta":{"desktop":{"background-color":"var(--ast-global-color-4)","background-image":"","background-repeat":"repeat","background-position":"center center","background-size":"auto","background-attachment":"scroll","background-type":"","background-media":"","overlay-type":"","overlay-color":"","overlay-opacity":"","overlay-gradient":""},"tablet":{"background-color":"","background-image":"","background-repeat":"repeat","background-position":"center center","background-size":"auto","background-attachment":"scroll","background-type":"","background-media":"","overlay-type":"","overlay-color":"","overlay-opacity":"","overlay-gradient":""},"mobile":{"background-color":"","background-image":"","background-repeat":"repeat","background-position":"center center","background-size":"auto","background-attachment":"scroll","background-type":"","background-media":"","overlay-type":"","overlay-color":"","overlay-opacity":"","overlay-gradient":""}},"ast-content-background-meta":{"desktop":{"background-color":"var(--ast-global-color-5)","background-image":"","background-repeat":"repeat","background-position":"center center","background-size":"auto","background-attachment":"scroll","background-type":"","background-media":"","overlay-type":"","overlay-color":"","overlay-opacity":"","overlay-gradient":""},"tablet":{"background-color":"var(--ast-global-color-5)","background-image":"","background-repeat":"repeat","background-position":"center center","background-size":"auto","background-attachment":"scroll","background-type":"","background-media":"","overlay-type":"","overlay-color":"","overlay-opacity":"","overlay-gradient":""},"mobile":{"background-color":"var(--ast-global-color-5)","background-image":"","background-repeat":"repeat","background-position":"center center","background-size":"auto","background-attachment":"scroll","background-type":"","background-media":"","overlay-type":"","overlay-color":"","overlay-opacity":"","overlay-gradient":""}},"footnotes":""},"class_list":["post-576","page","type-page","status-publish","hentry"],"_links":{"self":[{"href":"https:\/\/educacionmediatica.org\/index.php\/wp-json\/wp\/v2\/pages\/576","targetHints":{"allow":["GET"]}}],"collection":[{"href":"https:\/\/educacionmediatica.org\/index.php\/wp-json\/wp\/v2\/pages"}],"about":[{"href":"https:\/\/educacionmediatica.org\/index.php\/wp-json\/wp\/v2\/types\/page"}],"author":[{"embeddable":true,"href":"https:\/\/educacionmediatica.org\/index.php\/wp-json\/wp\/v2\/users\/10"}],"replies":[{"embeddable":true,"href":"https:\/\/educacionmediatica.org\/index.php\/wp-json\/wp\/v2\/comments?post=576"}],"version-history":[{"count":75,"href":"https:\/\/educacionmediatica.org\/index.php\/wp-json\/wp\/v2\/pages\/576\/revisions"}],"predecessor-version":[{"id":1874,"href":"https:\/\/educacionmediatica.org\/index.php\/wp-json\/wp\/v2\/pages\/576\/revisions\/1874"}],"wp:attachment":[{"href":"https:\/\/educacionmediatica.org\/index.php\/wp-json\/wp\/v2\/media?parent=576"}],"curies":[{"name":"wp","href":"https:\/\/api.w.org\/{rel}","templated":true}]}}